{"id":3641,"date":"2023-03-30T11:17:16","date_gmt":"2023-03-30T09:17:16","guid":{"rendered":"https:\/\/www.values.media\/contact\/"},"modified":"2023-07-27T12:46:10","modified_gmt":"2023-07-27T10:46:10","slug":"contact","status":"publish","type":"page","link":"https:\/\/www.values.media\/en\/contact\/","title":{"rendered":"Contact"},"content":{"rendered":"","protected":false},"excerpt":{"rendered":"","protected":false},"author":1,"featured_media":0,"parent":0,"menu_order":12,"comment_status":"closed","ping_status":"closed","template":"page-templates\/contact.php","meta":{"_acf_changed":false,"inline_featured_image":false,"footnotes":""},"class_list":["post-3641","page","type-page","status-publish","hentry"],"acf":[],"yoast_head":"<!-- This site is optimized with the Yoast SEO plugin v27.3 - https:\/\/yoast.com\/product\/yoast-seo-wordpress\/ -->\n<title>Contact Values.media<\/title>\n<meta name=\"description\" content=\"Would you like to contact us about a new project, your media strategy, introduce us to your media, are you a journalist? Write to us.\" \/>\n<meta name=\"robots\" content=\"index, follow, max-snippet:-1, max-image-preview:large, max-video-preview:-1\" \/>\n<link rel=\"canonical\" href=\"https:\/\/www.values.media\/en\/contact\/\" \/>\n<meta property=\"og:locale\" content=\"en_US\" \/>\n<meta property=\"og:type\" content=\"article\" \/>\n<meta property=\"og:title\" content=\"Contact Values.media\" \/>\n<meta property=\"og:description\" content=\"Would you like to contact us about a new project, your media strategy, introduce us to your media, are you a journalist? Write to us.\" \/>\n<meta property=\"og:url\" content=\"https:\/\/www.values.media\/en\/contact\/\" \/>\n<meta property=\"og:site_name\" content=\"values.media\" \/>\n<meta property=\"article:modified_time\" content=\"2023-07-27T10:46:10+00:00\" \/>\n<meta name=\"twitter:card\" content=\"summary_large_image\" \/>\n<script type=\"application\/ld+json\" class=\"yoast-schema-graph\">{\"@context\":\"https:\\\/\\\/schema.org\",\"@graph\":[{\"@type\":\"WebPage\",\"@id\":\"https:\\\/\\\/www.values.media\\\/en\\\/contact\\\/\",\"url\":\"https:\\\/\\\/www.values.media\\\/en\\\/contact\\\/\",\"name\":\"Contact Values.media\",\"isPartOf\":{\"@id\":\"https:\\\/\\\/www.values.media\\\/en\\\/#website\"},\"datePublished\":\"2023-03-30T09:17:16+00:00\",\"dateModified\":\"2023-07-27T10:46:10+00:00\",\"description\":\"Would you like to contact us about a new project, your media strategy, introduce us to your media, are you a journalist? Write to us.\",\"breadcrumb\":{\"@id\":\"https:\\\/\\\/www.values.media\\\/en\\\/contact\\\/#breadcrumb\"},\"inLanguage\":\"en-US\",\"potentialAction\":[{\"@type\":\"ReadAction\",\"target\":[\"https:\\\/\\\/www.values.media\\\/en\\\/contact\\\/\"]}]},{\"@type\":\"BreadcrumbList\",\"@id\":\"https:\\\/\\\/www.values.media\\\/en\\\/contact\\\/#breadcrumb\",\"itemListElement\":[{\"@type\":\"ListItem\",\"position\":1,\"name\":\"Accueil\",\"item\":\"https:\\\/\\\/www.values.media\\\/en\\\/\"},{\"@type\":\"ListItem\",\"position\":2,\"name\":\"Contact\"}]},{\"@type\":\"WebSite\",\"@id\":\"https:\\\/\\\/www.values.media\\\/en\\\/#website\",\"url\":\"https:\\\/\\\/www.values.media\\\/en\\\/\",\"name\":\"values.media\",\"description\":\"Values.media est une soci\u00e9t\u00e9 ind\u00e9pendante de conseil et d\u2019activation. Plus qu\u2019une agence m\u00e9dia, nous vous accompagnons pour mieux agir vers vos publics et garantir une performance m\u00e9dia et data au service de la cr\u00e9ation de valeur(s) pour votre marque.\",\"potentialAction\":[{\"@type\":\"SearchAction\",\"target\":{\"@type\":\"EntryPoint\",\"urlTemplate\":\"https:\\\/\\\/www.values.media\\\/en\\\/?s={search_term_string}\"},\"query-input\":{\"@type\":\"PropertyValueSpecification\",\"valueRequired\":true,\"valueName\":\"search_term_string\"}}],\"inLanguage\":\"en-US\"}]}<\/script>\n<!-- \/ Yoast SEO plugin. -->","yoast_head_json":{"title":"Contact Values.media","description":"Would you like to contact us about a new project, your media strategy, introduce us to your media, are you a journalist? Write to us.","robots":{"index":"index","follow":"follow","max-snippet":"max-snippet:-1","max-image-preview":"max-image-preview:large","max-video-preview":"max-video-preview:-1"},"canonical":"https:\/\/www.values.media\/en\/contact\/","og_locale":"en_US","og_type":"article","og_title":"Contact Values.media","og_description":"Would you like to contact us about a new project, your media strategy, introduce us to your media, are you a journalist? Write to us.","og_url":"https:\/\/www.values.media\/en\/contact\/","og_site_name":"values.media","article_modified_time":"2023-07-27T10:46:10+00:00","twitter_card":"summary_large_image","schema":{"@context":"https:\/\/schema.org","@graph":[{"@type":"WebPage","@id":"https:\/\/www.values.media\/en\/contact\/","url":"https:\/\/www.values.media\/en\/contact\/","name":"Contact Values.media","isPartOf":{"@id":"https:\/\/www.values.media\/en\/#website"},"datePublished":"2023-03-30T09:17:16+00:00","dateModified":"2023-07-27T10:46:10+00:00","description":"Would you like to contact us about a new project, your media strategy, introduce us to your media, are you a journalist? Write to us.","breadcrumb":{"@id":"https:\/\/www.values.media\/en\/contact\/#breadcrumb"},"inLanguage":"en-US","potentialAction":[{"@type":"ReadAction","target":["https:\/\/www.values.media\/en\/contact\/"]}]},{"@type":"BreadcrumbList","@id":"https:\/\/www.values.media\/en\/contact\/#breadcrumb","itemListElement":[{"@type":"ListItem","position":1,"name":"Accueil","item":"https:\/\/www.values.media\/en\/"},{"@type":"ListItem","position":2,"name":"Contact"}]},{"@type":"WebSite","@id":"https:\/\/www.values.media\/en\/#website","url":"https:\/\/www.values.media\/en\/","name":"values.media","description":"Values.media est une soci\u00e9t\u00e9 ind\u00e9pendante de conseil et d\u2019activation. Plus qu\u2019une agence m\u00e9dia, nous vous accompagnons pour mieux agir vers vos publics et garantir une performance m\u00e9dia et data au service de la cr\u00e9ation de valeur(s) pour votre marque.","potentialAction":[{"@type":"SearchAction","target":{"@type":"EntryPoint","urlTemplate":"https:\/\/www.values.media\/en\/?s={search_term_string}"},"query-input":{"@type":"PropertyValueSpecification","valueRequired":true,"valueName":"search_term_string"}}],"inLanguage":"en-US"}]}},"_links":{"self":[{"href":"https:\/\/www.values.media\/en\/wp-json\/wp\/v2\/pages\/3641","targetHints":{"allow":["GET"]}}],"collection":[{"href":"https:\/\/www.values.media\/en\/wp-json\/wp\/v2\/pages"}],"about":[{"href":"https:\/\/www.values.media\/en\/wp-json\/wp\/v2\/types\/page"}],"author":[{"embeddable":true,"href":"https:\/\/www.values.media\/en\/wp-json\/wp\/v2\/users\/1"}],"replies":[{"embeddable":true,"href":"https:\/\/www.values.media\/en\/wp-json\/wp\/v2\/comments?post=3641"}],"version-history":[{"count":1,"href":"https:\/\/www.values.media\/en\/wp-json\/wp\/v2\/pages\/3641\/revisions"}],"predecessor-version":[{"id":3694,"href":"https:\/\/www.values.media\/en\/wp-json\/wp\/v2\/pages\/3641\/revisions\/3694"}],"wp:attachment":[{"href":"https:\/\/www.values.media\/en\/wp-json\/wp\/v2\/media?parent=3641"}],"curies":[{"name":"wp","href":"https:\/\/api.w.org\/{rel}","templated":true}]}}