{"id":3639,"date":"2023-03-30T11:20:10","date_gmt":"2023-03-30T09:20:10","guid":{"rendered":"https:\/\/www.values.media\/podcasts\/"},"modified":"2023-07-27T12:42:45","modified_gmt":"2023-07-27T10:42:45","slug":"podcasts","status":"publish","type":"page","link":"https:\/\/www.values.media\/en\/podcasts\/","title":{"rendered":"Podcasts"},"content":{"rendered":"","protected":false},"excerpt":{"rendered":"","protected":false},"author":1,"featured_media":0,"parent":0,"menu_order":10,"comment_status":"closed","ping_status":"closed","template":"page-templates\/podcast.php","meta":{"_acf_changed":false,"inline_featured_image":false,"footnotes":""},"class_list":["post-3639","page","type-page","status-publish","hentry"],"acf":[],"yoast_head":"<!-- This site is optimized with the Yoast SEO plugin v27.3 - https:\/\/yoast.com\/product\/yoast-seo-wordpress\/ -->\n<title>Discover VCast, the Values.media podcast<\/title>\n<meta name=\"description\" content=\"With the best experts, we decipher for you the wonderful world of media through today&#039;s and tomorrow&#039;s trends.\" \/>\n<meta name=\"robots\" content=\"index, follow, max-snippet:-1, max-image-preview:large, max-video-preview:-1\" \/>\n<link rel=\"canonical\" href=\"https:\/\/www.values.media\/en\/podcasts\/\" \/>\n<meta property=\"og:locale\" content=\"en_US\" \/>\n<meta property=\"og:type\" content=\"article\" \/>\n<meta property=\"og:title\" content=\"Discover VCast, the Values.media podcast\" \/>\n<meta property=\"og:description\" content=\"With the best experts, we decipher for you the wonderful world of media through today&#039;s and tomorrow&#039;s trends.\" \/>\n<meta property=\"og:url\" content=\"https:\/\/www.values.media\/en\/podcasts\/\" \/>\n<meta property=\"og:site_name\" content=\"values.media\" \/>\n<meta property=\"article:modified_time\" content=\"2023-07-27T10:42:45+00:00\" \/>\n<meta name=\"twitter:card\" content=\"summary_large_image\" \/>\n<script type=\"application\/ld+json\" class=\"yoast-schema-graph\">{\"@context\":\"https:\\\/\\\/schema.org\",\"@graph\":[{\"@type\":\"WebPage\",\"@id\":\"https:\\\/\\\/www.values.media\\\/en\\\/podcasts\\\/\",\"url\":\"https:\\\/\\\/www.values.media\\\/en\\\/podcasts\\\/\",\"name\":\"Discover VCast, the Values.media podcast\",\"isPartOf\":{\"@id\":\"https:\\\/\\\/www.values.media\\\/en\\\/#website\"},\"datePublished\":\"2023-03-30T09:20:10+00:00\",\"dateModified\":\"2023-07-27T10:42:45+00:00\",\"description\":\"With the best experts, we decipher for you the wonderful world of media through today's and tomorrow's trends.\",\"breadcrumb\":{\"@id\":\"https:\\\/\\\/www.values.media\\\/en\\\/podcasts\\\/#breadcrumb\"},\"inLanguage\":\"en-US\",\"potentialAction\":[{\"@type\":\"ReadAction\",\"target\":[\"https:\\\/\\\/www.values.media\\\/en\\\/podcasts\\\/\"]}]},{\"@type\":\"BreadcrumbList\",\"@id\":\"https:\\\/\\\/www.values.media\\\/en\\\/podcasts\\\/#breadcrumb\",\"itemListElement\":[{\"@type\":\"ListItem\",\"position\":1,\"name\":\"Accueil\",\"item\":\"https:\\\/\\\/www.values.media\\\/en\\\/\"},{\"@type\":\"ListItem\",\"position\":2,\"name\":\"Podcasts\"}]},{\"@type\":\"WebSite\",\"@id\":\"https:\\\/\\\/www.values.media\\\/en\\\/#website\",\"url\":\"https:\\\/\\\/www.values.media\\\/en\\\/\",\"name\":\"values.media\",\"description\":\"Values.media est une soci\u00e9t\u00e9 ind\u00e9pendante de conseil et d\u2019activation. Plus qu\u2019une agence m\u00e9dia, nous vous accompagnons pour mieux agir vers vos publics et garantir une performance m\u00e9dia et data au service de la cr\u00e9ation de valeur(s) pour votre marque.\",\"potentialAction\":[{\"@type\":\"SearchAction\",\"target\":{\"@type\":\"EntryPoint\",\"urlTemplate\":\"https:\\\/\\\/www.values.media\\\/en\\\/?s={search_term_string}\"},\"query-input\":{\"@type\":\"PropertyValueSpecification\",\"valueRequired\":true,\"valueName\":\"search_term_string\"}}],\"inLanguage\":\"en-US\"}]}<\/script>\n<!-- \/ Yoast SEO plugin. -->","yoast_head_json":{"title":"Discover VCast, the Values.media podcast","description":"With the best experts, we decipher for you the wonderful world of media through today's and tomorrow's trends.","robots":{"index":"index","follow":"follow","max-snippet":"max-snippet:-1","max-image-preview":"max-image-preview:large","max-video-preview":"max-video-preview:-1"},"canonical":"https:\/\/www.values.media\/en\/podcasts\/","og_locale":"en_US","og_type":"article","og_title":"Discover VCast, the Values.media podcast","og_description":"With the best experts, we decipher for you the wonderful world of media through today's and tomorrow's trends.","og_url":"https:\/\/www.values.media\/en\/podcasts\/","og_site_name":"values.media","article_modified_time":"2023-07-27T10:42:45+00:00","twitter_card":"summary_large_image","schema":{"@context":"https:\/\/schema.org","@graph":[{"@type":"WebPage","@id":"https:\/\/www.values.media\/en\/podcasts\/","url":"https:\/\/www.values.media\/en\/podcasts\/","name":"Discover VCast, the Values.media podcast","isPartOf":{"@id":"https:\/\/www.values.media\/en\/#website"},"datePublished":"2023-03-30T09:20:10+00:00","dateModified":"2023-07-27T10:42:45+00:00","description":"With the best experts, we decipher for you the wonderful world of media through today's and tomorrow's trends.","breadcrumb":{"@id":"https:\/\/www.values.media\/en\/podcasts\/#breadcrumb"},"inLanguage":"en-US","potentialAction":[{"@type":"ReadAction","target":["https:\/\/www.values.media\/en\/podcasts\/"]}]},{"@type":"BreadcrumbList","@id":"https:\/\/www.values.media\/en\/podcasts\/#breadcrumb","itemListElement":[{"@type":"ListItem","position":1,"name":"Accueil","item":"https:\/\/www.values.media\/en\/"},{"@type":"ListItem","position":2,"name":"Podcasts"}]},{"@type":"WebSite","@id":"https:\/\/www.values.media\/en\/#website","url":"https:\/\/www.values.media\/en\/","name":"values.media","description":"Values.media est une soci\u00e9t\u00e9 ind\u00e9pendante de conseil et d\u2019activation. Plus qu\u2019une agence m\u00e9dia, nous vous accompagnons pour mieux agir vers vos publics et garantir une performance m\u00e9dia et data au service de la cr\u00e9ation de valeur(s) pour votre marque.","potentialAction":[{"@type":"SearchAction","target":{"@type":"EntryPoint","urlTemplate":"https:\/\/www.values.media\/en\/?s={search_term_string}"},"query-input":{"@type":"PropertyValueSpecification","valueRequired":true,"valueName":"search_term_string"}}],"inLanguage":"en-US"}]}},"_links":{"self":[{"href":"https:\/\/www.values.media\/en\/wp-json\/wp\/v2\/pages\/3639","targetHints":{"allow":["GET"]}}],"collection":[{"href":"https:\/\/www.values.media\/en\/wp-json\/wp\/v2\/pages"}],"about":[{"href":"https:\/\/www.values.media\/en\/wp-json\/wp\/v2\/types\/page"}],"author":[{"embeddable":true,"href":"https:\/\/www.values.media\/en\/wp-json\/wp\/v2\/users\/1"}],"replies":[{"embeddable":true,"href":"https:\/\/www.values.media\/en\/wp-json\/wp\/v2\/comments?post=3639"}],"version-history":[{"count":1,"href":"https:\/\/www.values.media\/en\/wp-json\/wp\/v2\/pages\/3639\/revisions"}],"predecessor-version":[{"id":3692,"href":"https:\/\/www.values.media\/en\/wp-json\/wp\/v2\/pages\/3639\/revisions\/3692"}],"wp:attachment":[{"href":"https:\/\/www.values.media\/en\/wp-json\/wp\/v2\/media?parent=3639"}],"curies":[{"name":"wp","href":"https:\/\/api.w.org\/{rel}","templated":true}]}}