{"id":3636,"date":"2023-03-30T11:19:49","date_gmt":"2023-03-30T09:19:49","guid":{"rendered":"https:\/\/www.values.media\/nos-valeurs\/"},"modified":"2023-07-31T16:51:14","modified_gmt":"2023-07-31T14:51:14","slug":"our-values","status":"publish","type":"page","link":"https:\/\/www.values.media\/en\/our-values\/","title":{"rendered":"Our values"},"content":{"rendered":"","protected":false},"excerpt":{"rendered":"","protected":false},"author":1,"featured_media":3515,"parent":0,"menu_order":7,"comment_status":"closed","ping_status":"closed","template":"page-templates\/valeurs.php","meta":{"_acf_changed":false,"inline_featured_image":false,"footnotes":""},"class_list":["post-3636","page","type-page","status-publish","has-post-thumbnail","hentry"],"acf":[],"yoast_head":"<!-- This site is optimized with the Yoast SEO plugin v27.3 - https:\/\/yoast.com\/product\/yoast-seo-wordpress\/ -->\n<title>Our values, our commitments<\/title>\n<meta name=\"description\" content=\"Let\u2019s be aware of our social, environmental, societal impacts and deploy those who contribute to a better world.\" \/>\n<meta name=\"robots\" content=\"index, follow, max-snippet:-1, max-image-preview:large, max-video-preview:-1\" \/>\n<link rel=\"canonical\" href=\"https:\/\/www.values.media\/en\/our-values\/\" \/>\n<meta property=\"og:locale\" content=\"en_US\" \/>\n<meta property=\"og:type\" content=\"article\" \/>\n<meta property=\"og:title\" content=\"Our values, our commitments\" \/>\n<meta property=\"og:description\" content=\"Let\u2019s be aware of our social, environmental, societal impacts and deploy those who contribute to a better world.\" \/>\n<meta property=\"og:url\" content=\"https:\/\/www.values.media\/en\/our-values\/\" \/>\n<meta property=\"og:site_name\" content=\"values.media\" \/>\n<meta property=\"article:modified_time\" content=\"2023-07-31T14:51:14+00:00\" \/>\n<meta property=\"og:image\" content=\"https:\/\/www.values.media\/wp-content\/uploads\/2023\/04\/LogoLucie.jpg\" \/>\n\t<meta property=\"og:image:width\" content=\"2500\" \/>\n\t<meta property=\"og:image:height\" content=\"833\" \/>\n\t<meta property=\"og:image:type\" content=\"image\/jpeg\" \/>\n<meta name=\"twitter:card\" content=\"summary_large_image\" \/>\n<script type=\"application\/ld+json\" class=\"yoast-schema-graph\">{\"@context\":\"https:\\\/\\\/schema.org\",\"@graph\":[{\"@type\":\"WebPage\",\"@id\":\"https:\\\/\\\/www.values.media\\\/en\\\/our-values\\\/\",\"url\":\"https:\\\/\\\/www.values.media\\\/en\\\/our-values\\\/\",\"name\":\"Our values, our commitments\",\"isPartOf\":{\"@id\":\"https:\\\/\\\/www.values.media\\\/en\\\/#website\"},\"primaryImageOfPage\":{\"@id\":\"https:\\\/\\\/www.values.media\\\/en\\\/our-values\\\/#primaryimage\"},\"image\":{\"@id\":\"https:\\\/\\\/www.values.media\\\/en\\\/our-values\\\/#primaryimage\"},\"thumbnailUrl\":\"https:\\\/\\\/www.values.media\\\/wp-content\\\/uploads\\\/2023\\\/04\\\/LogoLucie.jpg\",\"datePublished\":\"2023-03-30T09:19:49+00:00\",\"dateModified\":\"2023-07-31T14:51:14+00:00\",\"description\":\"Let\u2019s be aware of our social, environmental, societal impacts and deploy those who contribute to a better world.\",\"breadcrumb\":{\"@id\":\"https:\\\/\\\/www.values.media\\\/en\\\/our-values\\\/#breadcrumb\"},\"inLanguage\":\"en-US\",\"potentialAction\":[{\"@type\":\"ReadAction\",\"target\":[\"https:\\\/\\\/www.values.media\\\/en\\\/our-values\\\/\"]}]},{\"@type\":\"ImageObject\",\"inLanguage\":\"en-US\",\"@id\":\"https:\\\/\\\/www.values.media\\\/en\\\/our-values\\\/#primaryimage\",\"url\":\"https:\\\/\\\/www.values.media\\\/wp-content\\\/uploads\\\/2023\\\/04\\\/LogoLucie.jpg\",\"contentUrl\":\"https:\\\/\\\/www.values.media\\\/wp-content\\\/uploads\\\/2023\\\/04\\\/LogoLucie.jpg\",\"width\":2500,\"height\":833},{\"@type\":\"BreadcrumbList\",\"@id\":\"https:\\\/\\\/www.values.media\\\/en\\\/our-values\\\/#breadcrumb\",\"itemListElement\":[{\"@type\":\"ListItem\",\"position\":1,\"name\":\"Accueil\",\"item\":\"https:\\\/\\\/www.values.media\\\/en\\\/\"},{\"@type\":\"ListItem\",\"position\":2,\"name\":\"Our values\"}]},{\"@type\":\"WebSite\",\"@id\":\"https:\\\/\\\/www.values.media\\\/en\\\/#website\",\"url\":\"https:\\\/\\\/www.values.media\\\/en\\\/\",\"name\":\"values.media\",\"description\":\"Values.media est une soci\u00e9t\u00e9 ind\u00e9pendante de conseil et d\u2019activation. Plus qu\u2019une agence m\u00e9dia, nous vous accompagnons pour mieux agir vers vos publics et garantir une performance m\u00e9dia et data au service de la cr\u00e9ation de valeur(s) pour votre marque.\",\"potentialAction\":[{\"@type\":\"SearchAction\",\"target\":{\"@type\":\"EntryPoint\",\"urlTemplate\":\"https:\\\/\\\/www.values.media\\\/en\\\/?s={search_term_string}\"},\"query-input\":{\"@type\":\"PropertyValueSpecification\",\"valueRequired\":true,\"valueName\":\"search_term_string\"}}],\"inLanguage\":\"en-US\"}]}<\/script>\n<!-- \/ Yoast SEO plugin. -->","yoast_head_json":{"title":"Our values, our commitments","description":"Let\u2019s be aware of our social, environmental, societal impacts and deploy those who contribute to a better world.","robots":{"index":"index","follow":"follow","max-snippet":"max-snippet:-1","max-image-preview":"max-image-preview:large","max-video-preview":"max-video-preview:-1"},"canonical":"https:\/\/www.values.media\/en\/our-values\/","og_locale":"en_US","og_type":"article","og_title":"Our values, our commitments","og_description":"Let\u2019s be aware of our social, environmental, societal impacts and deploy those who contribute to a better world.","og_url":"https:\/\/www.values.media\/en\/our-values\/","og_site_name":"values.media","article_modified_time":"2023-07-31T14:51:14+00:00","og_image":[{"width":2500,"height":833,"url":"https:\/\/www.values.media\/wp-content\/uploads\/2023\/04\/LogoLucie.jpg","type":"image\/jpeg"}],"twitter_card":"summary_large_image","schema":{"@context":"https:\/\/schema.org","@graph":[{"@type":"WebPage","@id":"https:\/\/www.values.media\/en\/our-values\/","url":"https:\/\/www.values.media\/en\/our-values\/","name":"Our values, our commitments","isPartOf":{"@id":"https:\/\/www.values.media\/en\/#website"},"primaryImageOfPage":{"@id":"https:\/\/www.values.media\/en\/our-values\/#primaryimage"},"image":{"@id":"https:\/\/www.values.media\/en\/our-values\/#primaryimage"},"thumbnailUrl":"https:\/\/www.values.media\/wp-content\/uploads\/2023\/04\/LogoLucie.jpg","datePublished":"2023-03-30T09:19:49+00:00","dateModified":"2023-07-31T14:51:14+00:00","description":"Let\u2019s be aware of our social, environmental, societal impacts and deploy those who contribute to a better world.","breadcrumb":{"@id":"https:\/\/www.values.media\/en\/our-values\/#breadcrumb"},"inLanguage":"en-US","potentialAction":[{"@type":"ReadAction","target":["https:\/\/www.values.media\/en\/our-values\/"]}]},{"@type":"ImageObject","inLanguage":"en-US","@id":"https:\/\/www.values.media\/en\/our-values\/#primaryimage","url":"https:\/\/www.values.media\/wp-content\/uploads\/2023\/04\/LogoLucie.jpg","contentUrl":"https:\/\/www.values.media\/wp-content\/uploads\/2023\/04\/LogoLucie.jpg","width":2500,"height":833},{"@type":"BreadcrumbList","@id":"https:\/\/www.values.media\/en\/our-values\/#breadcrumb","itemListElement":[{"@type":"ListItem","position":1,"name":"Accueil","item":"https:\/\/www.values.media\/en\/"},{"@type":"ListItem","position":2,"name":"Our values"}]},{"@type":"WebSite","@id":"https:\/\/www.values.media\/en\/#website","url":"https:\/\/www.values.media\/en\/","name":"values.media","description":"Values.media est une soci\u00e9t\u00e9 ind\u00e9pendante de conseil et d\u2019activation. Plus qu\u2019une agence m\u00e9dia, nous vous accompagnons pour mieux agir vers vos publics et garantir une performance m\u00e9dia et data au service de la cr\u00e9ation de valeur(s) pour votre marque.","potentialAction":[{"@type":"SearchAction","target":{"@type":"EntryPoint","urlTemplate":"https:\/\/www.values.media\/en\/?s={search_term_string}"},"query-input":{"@type":"PropertyValueSpecification","valueRequired":true,"valueName":"search_term_string"}}],"inLanguage":"en-US"}]}},"_links":{"self":[{"href":"https:\/\/www.values.media\/en\/wp-json\/wp\/v2\/pages\/3636","targetHints":{"allow":["GET"]}}],"collection":[{"href":"https:\/\/www.values.media\/en\/wp-json\/wp\/v2\/pages"}],"about":[{"href":"https:\/\/www.values.media\/en\/wp-json\/wp\/v2\/types\/page"}],"author":[{"embeddable":true,"href":"https:\/\/www.values.media\/en\/wp-json\/wp\/v2\/users\/1"}],"replies":[{"embeddable":true,"href":"https:\/\/www.values.media\/en\/wp-json\/wp\/v2\/comments?post=3636"}],"version-history":[{"count":3,"href":"https:\/\/www.values.media\/en\/wp-json\/wp\/v2\/pages\/3636\/revisions"}],"predecessor-version":[{"id":3738,"href":"https:\/\/www.values.media\/en\/wp-json\/wp\/v2\/pages\/3636\/revisions\/3738"}],"wp:featuredmedia":[{"embeddable":true,"href":"https:\/\/www.values.media\/en\/wp-json\/wp\/v2\/media\/3515"}],"wp:attachment":[{"href":"https:\/\/www.values.media\/en\/wp-json\/wp\/v2\/media?parent=3636"}],"curies":[{"name":"wp","href":"https:\/\/api.w.org\/{rel}","templated":true}]}}