{"id":3629,"date":"2023-03-28T16:46:50","date_gmt":"2023-03-28T14:46:50","guid":{"rendered":"https:\/\/www.values.media\/accueil\/"},"modified":"2023-07-31T16:44:01","modified_gmt":"2023-07-31T14:44:01","slug":"accueil","status":"publish","type":"page","link":"https:\/\/www.values.media\/en\/","title":{"rendered":"Home"},"content":{"rendered":"","protected":false},"excerpt":{"rendered":"","protected":false},"author":1,"featured_media":0,"parent":0,"menu_order":0,"comment_status":"closed","ping_status":"closed","template":"page-templates\/accueil.php","meta":{"_acf_changed":false,"inline_featured_image":false,"footnotes":""},"class_list":["post-3629","page","type-page","status-publish","hentry"],"acf":[],"yoast_head":"<!-- This site is optimized with the Yoast SEO plugin v27.3 - https:\/\/yoast.com\/product\/yoast-seo-wordpress\/ -->\n<title>Values.media - Independent multi-media agency since 1989<\/title>\n<meta name=\"description\" content=\"We support our customers to guarantee media, data and social performance to create value(s).\" \/>\n<meta name=\"robots\" content=\"index, follow, max-snippet:-1, max-image-preview:large, max-video-preview:-1\" \/>\n<link rel=\"canonical\" href=\"https:\/\/www.values.media\/en\/\" \/>\n<meta property=\"og:locale\" content=\"en_US\" \/>\n<meta property=\"og:type\" content=\"article\" \/>\n<meta property=\"og:title\" content=\"Values.media - Independent multi-media agency since 1989\" \/>\n<meta property=\"og:description\" content=\"We support our customers to guarantee media, data and social performance to create value(s).\" \/>\n<meta property=\"og:url\" content=\"https:\/\/www.values.media\/en\/\" \/>\n<meta property=\"og:site_name\" content=\"values.media\" \/>\n<meta property=\"article:modified_time\" content=\"2023-07-31T14:44:01+00:00\" \/>\n<meta name=\"twitter:card\" content=\"summary_large_image\" \/>\n<script type=\"application\/ld+json\" class=\"yoast-schema-graph\">{\"@context\":\"https:\\\/\\\/schema.org\",\"@graph\":[{\"@type\":\"WebPage\",\"@id\":\"https:\\\/\\\/www.values.media\\\/en\\\/\",\"url\":\"https:\\\/\\\/www.values.media\\\/en\\\/\",\"name\":\"Values.media - Independent multi-media agency since 1989\",\"isPartOf\":{\"@id\":\"https:\\\/\\\/www.values.media\\\/en\\\/#website\"},\"datePublished\":\"2023-03-28T14:46:50+00:00\",\"dateModified\":\"2023-07-31T14:44:01+00:00\",\"description\":\"We support our customers to guarantee media, data and social performance to create value(s).\",\"breadcrumb\":{\"@id\":\"https:\\\/\\\/www.values.media\\\/en\\\/#breadcrumb\"},\"inLanguage\":\"en-US\",\"potentialAction\":[{\"@type\":\"ReadAction\",\"target\":[\"https:\\\/\\\/www.values.media\\\/en\\\/\"]}]},{\"@type\":\"BreadcrumbList\",\"@id\":\"https:\\\/\\\/www.values.media\\\/en\\\/#breadcrumb\",\"itemListElement\":[{\"@type\":\"ListItem\",\"position\":1,\"name\":\"Accueil\",\"item\":\"https:\\\/\\\/www.values.media\\\/en\\\/\"},{\"@type\":\"ListItem\",\"position\":2,\"name\":\"Home\"}]},{\"@type\":\"WebSite\",\"@id\":\"https:\\\/\\\/www.values.media\\\/en\\\/#website\",\"url\":\"https:\\\/\\\/www.values.media\\\/en\\\/\",\"name\":\"values.media\",\"description\":\"Values.media est une soci\u00e9t\u00e9 ind\u00e9pendante de conseil et d\u2019activation. Plus qu\u2019une agence m\u00e9dia, nous vous accompagnons pour mieux agir vers vos publics et garantir une performance m\u00e9dia et data au service de la cr\u00e9ation de valeur(s) pour votre marque.\",\"potentialAction\":[{\"@type\":\"SearchAction\",\"target\":{\"@type\":\"EntryPoint\",\"urlTemplate\":\"https:\\\/\\\/www.values.media\\\/en\\\/?s={search_term_string}\"},\"query-input\":{\"@type\":\"PropertyValueSpecification\",\"valueRequired\":true,\"valueName\":\"search_term_string\"}}],\"inLanguage\":\"en-US\"}]}<\/script>\n<!-- \/ Yoast SEO plugin. -->","yoast_head_json":{"title":"Values.media - Independent multi-media agency since 1989","description":"We support our customers to guarantee media, data and social performance to create value(s).","robots":{"index":"index","follow":"follow","max-snippet":"max-snippet:-1","max-image-preview":"max-image-preview:large","max-video-preview":"max-video-preview:-1"},"canonical":"https:\/\/www.values.media\/en\/","og_locale":"en_US","og_type":"article","og_title":"Values.media - Independent multi-media agency since 1989","og_description":"We support our customers to guarantee media, data and social performance to create value(s).","og_url":"https:\/\/www.values.media\/en\/","og_site_name":"values.media","article_modified_time":"2023-07-31T14:44:01+00:00","twitter_card":"summary_large_image","schema":{"@context":"https:\/\/schema.org","@graph":[{"@type":"WebPage","@id":"https:\/\/www.values.media\/en\/","url":"https:\/\/www.values.media\/en\/","name":"Values.media - Independent multi-media agency since 1989","isPartOf":{"@id":"https:\/\/www.values.media\/en\/#website"},"datePublished":"2023-03-28T14:46:50+00:00","dateModified":"2023-07-31T14:44:01+00:00","description":"We support our customers to guarantee media, data and social performance to create value(s).","breadcrumb":{"@id":"https:\/\/www.values.media\/en\/#breadcrumb"},"inLanguage":"en-US","potentialAction":[{"@type":"ReadAction","target":["https:\/\/www.values.media\/en\/"]}]},{"@type":"BreadcrumbList","@id":"https:\/\/www.values.media\/en\/#breadcrumb","itemListElement":[{"@type":"ListItem","position":1,"name":"Accueil","item":"https:\/\/www.values.media\/en\/"},{"@type":"ListItem","position":2,"name":"Home"}]},{"@type":"WebSite","@id":"https:\/\/www.values.media\/en\/#website","url":"https:\/\/www.values.media\/en\/","name":"values.media","description":"Values.media est une soci\u00e9t\u00e9 ind\u00e9pendante de conseil et d\u2019activation. Plus qu\u2019une agence m\u00e9dia, nous vous accompagnons pour mieux agir vers vos publics et garantir une performance m\u00e9dia et data au service de la cr\u00e9ation de valeur(s) pour votre marque.","potentialAction":[{"@type":"SearchAction","target":{"@type":"EntryPoint","urlTemplate":"https:\/\/www.values.media\/en\/?s={search_term_string}"},"query-input":{"@type":"PropertyValueSpecification","valueRequired":true,"valueName":"search_term_string"}}],"inLanguage":"en-US"}]}},"_links":{"self":[{"href":"https:\/\/www.values.media\/en\/wp-json\/wp\/v2\/pages\/3629","targetHints":{"allow":["GET"]}}],"collection":[{"href":"https:\/\/www.values.media\/en\/wp-json\/wp\/v2\/pages"}],"about":[{"href":"https:\/\/www.values.media\/en\/wp-json\/wp\/v2\/types\/page"}],"author":[{"embeddable":true,"href":"https:\/\/www.values.media\/en\/wp-json\/wp\/v2\/users\/1"}],"replies":[{"embeddable":true,"href":"https:\/\/www.values.media\/en\/wp-json\/wp\/v2\/comments?post=3629"}],"version-history":[{"count":13,"href":"https:\/\/www.values.media\/en\/wp-json\/wp\/v2\/pages\/3629\/revisions"}],"predecessor-version":[{"id":3737,"href":"https:\/\/www.values.media\/en\/wp-json\/wp\/v2\/pages\/3629\/revisions\/3737"}],"wp:attachment":[{"href":"https:\/\/www.values.media\/en\/wp-json\/wp\/v2\/media?parent=3629"}],"curies":[{"name":"wp","href":"https:\/\/api.w.org\/{rel}","templated":true}]}}